{"id":3241,"date":"2015-06-20T21:51:26","date_gmt":"2015-06-20T21:51:26","guid":{"rendered":"http:\/\/virgb35.apolo.urltemporal.com\/?page_id=3241"},"modified":"2017-02-13T21:31:53","modified_gmt":"2017-02-13T21:31:53","slug":"health-test","status":"publish","type":"page","link":"https:\/\/santamariadelasalud.com.ar\/index.php\/health-test\/","title":{"rendered":"ESTUDIOS EN 1 D\u00cdA"},"content":{"rendered":"<div class='grid-row clearfix'><div class='grid-col grid-col-6'><section class='cws-widget'><section class='cws_widget_content'>\n<p><a href=\"..\/wp-content\/uploads\/2015\/04\/estudios-medicos1.jpg\"><img loading=\"lazy\" decoding=\"async\" class=\"alignleft wp-image-3012 size-full\" src=\"\/wp-content\/uploads\/2015\/04\/estudios-medicos1.jpg\" alt=\"estudios-medicos\" width=\"600\" height=\"338\" srcset=\"https:\/\/santamariadelasalud.com.ar\/wp-content\/uploads\/2015\/04\/estudios-medicos1.jpg 600w, https:\/\/santamariadelasalud.com.ar\/wp-content\/uploads\/2015\/04\/estudios-medicos1-100x56.jpg 100w, https:\/\/santamariadelasalud.com.ar\/wp-content\/uploads\/2015\/04\/estudios-medicos1-230x129.jpg 230w\" sizes=\"(max-width: 600px) 100vw, 600px\" \/><\/a><\/p>\n<\/section><\/section><\/div><div class='grid-col grid-col-6'><section class='cws-widget'><section class='cws_widget_content'>\n<p>Optimizamos el rendimiento de su tiempo y coordinamos todos sus estudios seg\u00fan han sido indicados por el profesional, de manera que en una sola ma\u00f1ana pueda realizarlos. Todos los resultados se entregan en una carpeta que los integra en un informe \u00fanico que permite una evaluaci\u00f3n integral de su salud seg\u00fan sus necesidades espec\u00edficas.<\/p>\n<\/section><\/section><\/div><\/div>\n","protected":false},"excerpt":{"rendered":"","protected":false},"author":4,"featured_media":0,"parent":0,"menu_order":0,"comment_status":"open","ping_status":"open","template":"","meta":{"_joinchat":[],"footnotes":""},"_links":{"self":[{"href":"https:\/\/santamariadelasalud.com.ar\/index.php\/wp-json\/wp\/v2\/pages\/3241"}],"collection":[{"href":"https:\/\/santamariadelasalud.com.ar\/index.php\/wp-json\/wp\/v2\/pages"}],"about":[{"href":"https:\/\/santamariadelasalud.com.ar\/index.php\/wp-json\/wp\/v2\/types\/page"}],"author":[{"embeddable":true,"href":"https:\/\/santamariadelasalud.com.ar\/index.php\/wp-json\/wp\/v2\/users\/4"}],"replies":[{"embeddable":true,"href":"https:\/\/santamariadelasalud.com.ar\/index.php\/wp-json\/wp\/v2\/comments?post=3241"}],"version-history":[{"count":7,"href":"https:\/\/santamariadelasalud.com.ar\/index.php\/wp-json\/wp\/v2\/pages\/3241\/revisions"}],"predecessor-version":[{"id":3316,"href":"https:\/\/santamariadelasalud.com.ar\/index.php\/wp-json\/wp\/v2\/pages\/3241\/revisions\/3316"}],"wp:attachment":[{"href":"https:\/\/santamariadelasalud.com.ar\/index.php\/wp-json\/wp\/v2\/media?parent=3241"}],"curies":[{"name":"wp","href":"https:\/\/api.w.org\/{rel}","templated":true}]}}